{"id":850,"date":"2019-05-23T13:46:48","date_gmt":"2019-05-23T10:46:48","guid":{"rendered":"https:\/\/faitech.fi\/?page_id=850"},"modified":"2021-11-12T14:59:36","modified_gmt":"2021-11-12T12:59:36","slug":"ilmoittautuminen","status":"publish","type":"page","link":"https:\/\/faitech.fi\/en\/ilmoittautuminen\/","title":{"rendered":"Book Now!"},"content":{"rendered":"<p style=\"text-align: center;\"><a href=\"https:\/\/faitech.fi\/ilmoittautuminen\/\">suomeksi t\u00e4\u00e4ll\u00e4<\/a><\/p>\r\n\r\n<h2 style=\"text-align: center;\">Faitech 25 years &#8211; 20.9.2019<\/h2>\r\n<p style=\"text-align: center;\">Come and celebrate our 25-years with us at Faitech.<\/p>\r\n<p style=\"text-align: center;\">Outdoors party event at Meijerinraitti 2 in Vihti at 18-23pm<\/p>\r\n<p style=\"text-align: center;\"><strong>Sign up until 30.7.<\/strong><\/p>\r\n<p style=\"text-align: center;\">We have negotiated room prices for two different hotels.<\/p>\r\n<p style=\"text-align: center;\">Please select one in the form below if you want to benefit from these discounts.<\/p>\r\n\r\n<h3 style=\"text-align: center;\">Hotel 1: Scandic Hyvink\u00e4\u00e4<\/h3>\r\n<p style=\"text-align: center;\">(<a href=\"https:\/\/www.scandichotels.fi\/hotellit\/suomi\/hyvinkaa\/scandic-hyvinkaa\">www.scandichotels.fi<\/a><span style=\"font-size: 16px;\">)<\/span><\/p>\r\n<p style=\"text-align: center;\">98-118\u20ac\/room\/night<\/p>\r\n\r\n<h3 style=\"text-align: center;\">Hotel 2: Radisson Blu Otaniemi<\/h3>\r\n<p style=\"text-align: center;\">(<a href=\"https:\/\/www.radissonblu.com\/fi\/hotelli-espoo\">www.radissonblu.com<\/a>)<\/p>\r\n<p style=\"text-align: center;\">115-135\u20ac\/room\/night<\/p>\r\n\r\n<h3 style=\"text-align: center;\">Hotel 3: Hopeaniemi Resort<\/h3>\r\n<p style=\"text-align: center;\">(<a href=\"https:\/\/www.hopeaniemiresort.fi\">www.hopeaniemiresort.fi<\/a>)<\/p>\r\n<p style=\"text-align: center;\">69-85\u20ac\/room\/night<\/p>\r\n\n<div class=\"wpcf7 no-js\" id=\"wpcf7-f879-o1\" lang=\"fi\" dir=\"ltr\" data-wpcf7-id=\"879\">\n<div class=\"screen-reader-response\"><p role=\"status\" aria-live=\"polite\" aria-atomic=\"true\"><\/p> <ul><\/ul><\/div>\n<form action=\"\/en\/wp-json\/wp\/v2\/pages\/850#wpcf7-f879-o1\" method=\"post\" class=\"wpcf7-form init\" aria-label=\"Yhteydenottolomake\" novalidate=\"novalidate\" data-status=\"init\">\n<fieldset class=\"hidden-fields-container\"><input type=\"hidden\" name=\"_wpcf7\" value=\"879\" \/><input type=\"hidden\" name=\"_wpcf7_version\" value=\"6.1.5\" \/><input type=\"hidden\" name=\"_wpcf7_locale\" value=\"fi\" \/><input type=\"hidden\" name=\"_wpcf7_unit_tag\" value=\"wpcf7-f879-o1\" \/><input type=\"hidden\" name=\"_wpcf7_container_post\" value=\"0\" \/><input type=\"hidden\" name=\"_wpcf7_posted_data_hash\" value=\"\" \/>\n<\/fieldset>\n<span class=\"wpcf7-form-control-wrap\" data-name=\"Yritys\"><input size=\"40\" maxlength=\"400\" class=\"wpcf7-form-control wpcf7-text wpcf7-validates-as-required\" aria-required=\"true\" aria-invalid=\"false\" placeholder=\"Company name\" value=\"\" type=\"text\" name=\"Yritys\" \/><\/span>\n<span class=\"wpcf7-form-control-wrap\" data-name=\"Yhteys\"><input size=\"40\" maxlength=\"400\" class=\"wpcf7-form-control wpcf7-text wpcf7-validates-as-required\" aria-required=\"true\" aria-invalid=\"false\" placeholder=\"Contact person\" value=\"\" type=\"text\" name=\"Yhteys\" \/><\/span>\n<span class=\"wpcf7-form-control-wrap\" data-name=\"Puhelinnumero\"><input size=\"40\" maxlength=\"400\" class=\"wpcf7-form-control wpcf7-text wpcf7-validates-as-required\" aria-required=\"true\" aria-invalid=\"false\" placeholder=\"Phone\" value=\"\" type=\"text\" name=\"Puhelinnumero\" \/><\/span>\n<span class=\"wpcf7-form-control-wrap\" data-name=\"Email\"><input size=\"40\" maxlength=\"400\" class=\"wpcf7-form-control wpcf7-email wpcf7-validates-as-required wpcf7-text wpcf7-validates-as-email\" aria-required=\"true\" aria-invalid=\"false\" placeholder=\"Email\" value=\"\" type=\"email\" name=\"Email\" \/><\/span>\n<div id=\"faitech-form-wrapper-outer\">\n<div id=\"faitech-form-wrapper\">\n<span class=\"faitech-osallistujat\">No. of participants: <\/span><span class=\"wpcf7-form-control-wrap\" data-name=\"osallistujat\"><input class=\"wpcf7-form-control wpcf7-number wpcf7-validates-as-required wpcf7-validates-as-number\" min=\"1\" aria-required=\"true\" aria-invalid=\"false\" value=\"\" type=\"number\" name=\"osallistujat\" \/><\/span><br>\n<span class=\"faitech-osallistujat\">Select hotel: <\/span>\n<span class=\"wpcf7-form-control-wrap\" data-name=\"Hotelli\"><select class=\"wpcf7-form-control wpcf7-select\" aria-invalid=\"false\" name=\"Hotelli\"><option value=\"\">&#8212;Valitse vaihtoehto&#8212;<\/option><option value=\"Hotel 1\">Hotel 1<\/option><option value=\"Hotel 2\">Hotel 2<\/option><option value=\"Hotel 3\">Hotel 3<\/option><\/select><\/span><br>\n<span class=\"faitech-osallistujat\">No. of rooms: <\/span><span class=\"wpcf7-form-control-wrap\" data-name=\"huoneet\"><input class=\"wpcf7-form-control wpcf7-number wpcf7-validates-as-number\" min=\"1\" aria-invalid=\"false\" value=\"\" type=\"number\" name=\"huoneet\" \/><\/span><br>\nArriving on\n<span class=\"wpcf7-form-control-wrap\" data-name=\"Saapuminen\"><input class=\"wpcf7-form-control wpcf7-date wpcf7-validates-as-date\" aria-invalid=\"false\" value=\"\" type=\"date\" name=\"Saapuminen\" \/><\/span>\nLeaving on\n<span class=\"wpcf7-form-control-wrap\" data-name=\"Luovutus\"><input class=\"wpcf7-form-control wpcf7-date wpcf7-validates-as-date\" aria-invalid=\"false\" placeholder=\"\" value=\"\" type=\"date\" name=\"Luovutus\" \/><\/span>\n<\/div><\/div>\n\n<span class=\"wpcf7-form-control-wrap\" data-name=\"Muuta\"><textarea cols=\"40\" rows=\"10\" maxlength=\"2000\" class=\"wpcf7-form-control wpcf7-textarea\" aria-invalid=\"false\" placeholder=\"Additional information, like food allergies etc.\" name=\"Muuta\"><\/textarea><\/span>\n\n<input class=\"wpcf7-form-control wpcf7-submit has-spinner\" type=\"submit\" value=\"Submit\" \/><div class=\"wpcf7-response-output\" aria-hidden=\"true\"><\/div>\n<\/form>\n<\/div>\n","protected":false},"excerpt":{"rendered":"suomeksi t\u00e4\u00e4ll\u00e4 Faitech 25 years &#8211; 20.9.2019 Come and celebrate our 25-years with us at Faitech. Outdoors party event at Meijerinraitti 2 in Vihti at 18-23pm Sign up until 30.7. We have negotiated room prices for two different hotels. Please select one in the form below if you want to benefit from these discounts. Hotel [&hellip;]","protected":false},"author":1,"featured_media":883,"parent":0,"menu_order":0,"comment_status":"closed","ping_status":"closed","template":"","meta":{"_acf_changed":false,"inline_featured_image":false,"footnotes":""},"class_list":["post-850","page","type-page","status-publish","has-post-thumbnail","hentry"],"translation":{"provider":"WPGlobus","version":"3.0.2","language":"en","enabled_languages":["fi","en"],"languages":{"fi":{"title":true,"content":true,"excerpt":false},"en":{"title":true,"content":true,"excerpt":false}}},"acf":[],"yoast_head":"<!-- This site is optimized with the Yoast SEO plugin v27.4 - https:\/\/yoast.com\/product\/yoast-seo-wordpress\/ -->\n<title>Book Now! - Faitech<\/title>\n<meta name=\"robots\" content=\"index, follow, max-snippet:-1, max-image-preview:large, max-video-preview:-1\" \/>\n<link rel=\"canonical\" href=\"https:\/\/faitech.fi\/en\/ilmoittautuminen\/\" \/>\n<meta property=\"og:locale\" content=\"en_US\" \/>\n<meta property=\"og:type\" content=\"article\" \/>\n<meta property=\"og:title\" content=\"Book Now! - Faitech\" \/>\n<meta property=\"og:url\" content=\"https:\/\/faitech.fi\/en\/ilmoittautuminen\/\" \/>\n<meta property=\"og:site_name\" content=\"Faitech\" \/>\n<meta property=\"article:modified_time\" content=\"2021-11-12T12:59:36+00:00\" \/>\n<meta property=\"og:image\" content=\"https:\/\/faitech.fi\/wp-content\/uploads\/2019\/05\/andreas-ronningen-29698-unsplash.jpg\" \/>\n\t<meta property=\"og:image:width\" content=\"2048\" \/>\n\t<meta property=\"og:image:height\" content=\"1365\" \/>\n\t<meta property=\"og:image:type\" content=\"image\/jpeg\" \/>\n<meta name=\"twitter:card\" content=\"summary_large_image\" \/>\n<meta name=\"twitter:label1\" content=\"Est. reading time\" \/>\n\t<meta name=\"twitter:data1\" content=\"1 minute\" \/>\n<script type=\"application\/ld+json\" class=\"yoast-schema-graph\">{\"@context\":\"https:\\\/\\\/schema.org\",\"@graph\":[{\"@type\":\"WebPage\",\"@id\":\"https:\\\/\\\/faitech.fi\\\/en\\\/ilmoittautuminen\\\/\",\"url\":\"https:\\\/\\\/faitech.fi\\\/en\\\/ilmoittautuminen\\\/\",\"name\":\"Book Now! - Faitech\",\"isPartOf\":{\"@id\":\"https:\\\/\\\/faitech.fi\\\/#website\"},\"primaryImageOfPage\":{\"@id\":\"https:\\\/\\\/faitech.fi\\\/en\\\/ilmoittautuminen\\\/#primaryimage\"},\"image\":{\"@id\":\"https:\\\/\\\/faitech.fi\\\/en\\\/ilmoittautuminen\\\/#primaryimage\"},\"thumbnailUrl\":\"https:\\\/\\\/faitech.fi\\\/wp-content\\\/uploads\\\/2019\\\/05\\\/andreas-ronningen-29698-unsplash.jpg\",\"datePublished\":\"2019-05-23T10:46:48+00:00\",\"dateModified\":\"2021-11-12T12:59:36+00:00\",\"description\":\"Luotettavat elintarviketeollisuuden laitteet sek\u00e4 vihannesleikkureita ja muita suurkeitti\u00f6laitteita. Meilt\u00e4 kest\u00e4v\u00e4t laitteet elintarviketeollisuuteen.\",\"breadcrumb\":{\"@id\":\"https:\\\/\\\/faitech.fi\\\/en\\\/ilmoittautuminen\\\/#breadcrumb\"},\"inLanguage\":\"en-US\",\"potentialAction\":[{\"@type\":\"ReadAction\",\"target\":[\"https:\\\/\\\/faitech.fi\\\/en\\\/ilmoittautuminen\\\/\"]}]},{\"@type\":\"ImageObject\",\"inLanguage\":\"en-US\",\"@id\":\"https:\\\/\\\/faitech.fi\\\/en\\\/ilmoittautuminen\\\/#primaryimage\",\"url\":\"https:\\\/\\\/faitech.fi\\\/wp-content\\\/uploads\\\/2019\\\/05\\\/andreas-ronningen-29698-unsplash.jpg\",\"contentUrl\":\"https:\\\/\\\/faitech.fi\\\/wp-content\\\/uploads\\\/2019\\\/05\\\/andreas-ronningen-29698-unsplash.jpg\",\"width\":2048,\"height\":1365},{\"@type\":\"BreadcrumbList\",\"@id\":\"https:\\\/\\\/faitech.fi\\\/en\\\/ilmoittautuminen\\\/#breadcrumb\",\"itemListElement\":[{\"@type\":\"ListItem\",\"position\":1,\"name\":\"Home\",\"item\":\"https:\\\/\\\/faitech.fi\\\/\"},{\"@type\":\"ListItem\",\"position\":2,\"name\":\"Book Now!\"}]},{\"@type\":\"WebSite\",\"@id\":\"https:\\\/\\\/faitech.fi\\\/#website\",\"url\":\"https:\\\/\\\/faitech.fi\\\/\",\"name\":\"Faitech\",\"description\":\"IMPORTING FOOD PROCESS MACHINERY WITH EXPERTISE SINCE 1994\",\"publisher\":{\"@id\":\"https:\\\/\\\/faitech.fi\\\/#organization\"},\"potentialAction\":[{\"@type\":\"SearchAction\",\"target\":{\"@type\":\"EntryPoint\",\"urlTemplate\":\"https:\\\/\\\/faitech.fi\\\/?s={search_term_string}\"},\"query-input\":{\"@type\":\"PropertyValueSpecification\",\"valueRequired\":true,\"valueName\":\"search_term_string\"}}],\"inLanguage\":\"en-US\"},{\"@type\":\"Organization\",\"@id\":\"https:\\\/\\\/faitech.fi\\\/#organization\",\"name\":\"Faitech\",\"url\":\"https:\\\/\\\/faitech.fi\\\/\",\"logo\":{\"@type\":\"ImageObject\",\"inLanguage\":\"en-US\",\"@id\":\"https:\\\/\\\/faitech.fi\\\/#\\\/schema\\\/logo\\\/image\\\/\",\"url\":null,\"contentUrl\":null,\"width\":1024,\"height\":722,\"caption\":\"Faitech\"},\"image\":{\"@id\":\"https:\\\/\\\/faitech.fi\\\/#\\\/schema\\\/logo\\\/image\\\/\"}}]}<\/script>\n<!-- \/ Yoast SEO plugin. -->","yoast_head_json":{"title":"Book Now! - Faitech","robots":{"index":"index","follow":"follow","max-snippet":"max-snippet:-1","max-image-preview":"max-image-preview:large","max-video-preview":"max-video-preview:-1"},"canonical":"https:\/\/faitech.fi\/en\/ilmoittautuminen\/","og_locale":"en_US","og_type":"article","og_title":"Book Now! - Faitech","og_url":"https:\/\/faitech.fi\/en\/ilmoittautuminen\/","og_site_name":"Faitech","article_modified_time":"2021-11-12T12:59:36+00:00","og_image":[{"width":2048,"height":1365,"url":"https:\/\/faitech.fi\/wp-content\/uploads\/2019\/05\/andreas-ronningen-29698-unsplash.jpg","type":"image\/jpeg"}],"twitter_card":"summary_large_image","twitter_misc":{"Est. reading time":"1 minute"},"schema":{"@context":"https:\/\/schema.org","@graph":[{"@type":"WebPage","@id":"https:\/\/faitech.fi\/en\/ilmoittautuminen\/","url":"https:\/\/faitech.fi\/en\/ilmoittautuminen\/","name":"Book Now! - Faitech","isPartOf":{"@id":"https:\/\/faitech.fi\/#website"},"primaryImageOfPage":{"@id":"https:\/\/faitech.fi\/en\/ilmoittautuminen\/#primaryimage"},"image":{"@id":"https:\/\/faitech.fi\/en\/ilmoittautuminen\/#primaryimage"},"thumbnailUrl":"https:\/\/faitech.fi\/wp-content\/uploads\/2019\/05\/andreas-ronningen-29698-unsplash.jpg","datePublished":"2019-05-23T10:46:48+00:00","dateModified":"2021-11-12T12:59:36+00:00","description":"Luotettavat elintarviketeollisuuden laitteet sek\u00e4 vihannesleikkureita ja muita suurkeitti\u00f6laitteita. Meilt\u00e4 kest\u00e4v\u00e4t laitteet elintarviketeollisuuteen.","breadcrumb":{"@id":"https:\/\/faitech.fi\/en\/ilmoittautuminen\/#breadcrumb"},"inLanguage":"en-US","potentialAction":[{"@type":"ReadAction","target":["https:\/\/faitech.fi\/en\/ilmoittautuminen\/"]}]},{"@type":"ImageObject","inLanguage":"en-US","@id":"https:\/\/faitech.fi\/en\/ilmoittautuminen\/#primaryimage","url":"https:\/\/faitech.fi\/wp-content\/uploads\/2019\/05\/andreas-ronningen-29698-unsplash.jpg","contentUrl":"https:\/\/faitech.fi\/wp-content\/uploads\/2019\/05\/andreas-ronningen-29698-unsplash.jpg","width":2048,"height":1365},{"@type":"BreadcrumbList","@id":"https:\/\/faitech.fi\/en\/ilmoittautuminen\/#breadcrumb","itemListElement":[{"@type":"ListItem","position":1,"name":"Home","item":"https:\/\/faitech.fi\/"},{"@type":"ListItem","position":2,"name":"Book Now!"}]},{"@type":"WebSite","@id":"https:\/\/faitech.fi\/#website","url":"https:\/\/faitech.fi\/","name":"Faitech","description":"IMPORTING FOOD PROCESS MACHINERY WITH EXPERTISE SINCE 1994","publisher":{"@id":"https:\/\/faitech.fi\/#organization"},"potentialAction":[{"@type":"SearchAction","target":{"@type":"EntryPoint","urlTemplate":"https:\/\/faitech.fi\/?s={search_term_string}"},"query-input":{"@type":"PropertyValueSpecification","valueRequired":true,"valueName":"search_term_string"}}],"inLanguage":"en-US"},{"@type":"Organization","@id":"https:\/\/faitech.fi\/#organization","name":"Faitech","url":"https:\/\/faitech.fi\/","logo":{"@type":"ImageObject","inLanguage":"en-US","@id":"https:\/\/faitech.fi\/#\/schema\/logo\/image\/","url":null,"contentUrl":null,"width":1024,"height":722,"caption":"Faitech"},"image":{"@id":"https:\/\/faitech.fi\/#\/schema\/logo\/image\/"}}]}},"_links":{"self":[{"href":"https:\/\/faitech.fi\/en\/wp-json\/wp\/v2\/pages\/850","targetHints":{"allow":["GET"]}}],"collection":[{"href":"https:\/\/faitech.fi\/en\/wp-json\/wp\/v2\/pages"}],"about":[{"href":"https:\/\/faitech.fi\/en\/wp-json\/wp\/v2\/types\/page"}],"author":[{"embeddable":true,"href":"https:\/\/faitech.fi\/en\/wp-json\/wp\/v2\/users\/1"}],"replies":[{"embeddable":true,"href":"https:\/\/faitech.fi\/en\/wp-json\/wp\/v2\/comments?post=850"}],"version-history":[{"count":48,"href":"https:\/\/faitech.fi\/en\/wp-json\/wp\/v2\/pages\/850\/revisions"}],"predecessor-version":[{"id":5970,"href":"https:\/\/faitech.fi\/en\/wp-json\/wp\/v2\/pages\/850\/revisions\/5970"}],"wp:featuredmedia":[{"embeddable":true,"href":"https:\/\/faitech.fi\/en\/wp-json\/wp\/v2\/media\/883"}],"wp:attachment":[{"href":"https:\/\/faitech.fi\/en\/wp-json\/wp\/v2\/media?parent=850"}],"curies":[{"name":"wp","href":"https:\/\/api.w.org\/{rel}","templated":true}]}}