{"id":1084,"date":"2019-11-08T11:29:04","date_gmt":"2019-11-08T09:29:04","guid":{"rendered":"https:\/\/faitech.fi\/?page_id=1084"},"modified":"2019-11-12T13:59:27","modified_gmt":"2019-11-12T11:59:27","slug":"asiakaspaivat","status":"publish","type":"page","link":"https:\/\/faitech.fi\/en\/asiakaspaivat\/","title":{"rendered":"Asiakasp\u00e4iv\u00e4t"},"content":{"rendered":"<h2>Tervetuloa taas Faitech Oy -asiakasp\u00e4iville!<\/h2>\r\n25-vuotisen taipaleemme kunniaksi esill\u00e4 on todella laaja skaala koneita ja teknisi\u00e4 ratkaisuja.\r\n\r\nVaraa aika &#8211; ota mukaan tuotteesi ja testaa erilaisia vaihtoehtoja, tai tule keskustelemaan kanssamme pesuj\u00e4rjestelmist\u00e4\r\nja koe itse kuinka helppoa koneiden ja tilojen puhdistaminen voi parhaimmillaan olla!","protected":false},"excerpt":{"rendered":"Tervetuloa Faitech Oy asiakasp\u00e4iville &#8211; 25 vuotta asiakkaita palvellen","protected":false},"author":1,"featured_media":1096,"parent":0,"menu_order":0,"comment_status":"closed","ping_status":"closed","template":"asiakaspaivat.php","meta":{"_acf_changed":false,"inline_featured_image":false,"footnotes":""},"class_list":["post-1084","page","type-page","status-publish","has-post-thumbnail","hentry"],"translation":{"provider":"WPGlobus","version":"3.0.2","language":"en","enabled_languages":["fi","en"],"languages":{"fi":{"title":true,"content":true,"excerpt":true},"en":{"title":false,"content":false,"excerpt":false}}},"acf":[],"yoast_head":"<!-- This site is optimized with the Yoast SEO plugin v27.5 - https:\/\/yoast.com\/product\/yoast-seo-wordpress\/ -->\n<title>Asiakasp\u00e4iv\u00e4t - Faitech<\/title>\n<meta name=\"robots\" content=\"index, follow, max-snippet:-1, max-image-preview:large, max-video-preview:-1\" \/>\n<link rel=\"canonical\" href=\"https:\/\/faitech.fi\/asiakaspaivat\/\" \/>\n<meta property=\"og:locale\" content=\"en_US\" \/>\n<meta property=\"og:type\" content=\"article\" \/>\n<meta property=\"og:title\" content=\"Asiakasp\u00e4iv\u00e4t - Faitech\" \/>\n<meta property=\"og:url\" content=\"https:\/\/faitech.fi\/asiakaspaivat\/\" \/>\n<meta property=\"og:site_name\" content=\"Faitech\" \/>\n<meta property=\"article:modified_time\" content=\"2019-11-12T11:59:27+00:00\" \/>\n<meta property=\"og:image\" content=\"https:\/\/faitech.fi\/wp-content\/uploads\/2019\/11\/Asiakasp\u00e4iv\u00e4t-1.png\" \/>\n\t<meta property=\"og:image:width\" content=\"2359\" \/>\n\t<meta property=\"og:image:height\" content=\"454\" \/>\n\t<meta property=\"og:image:type\" content=\"image\/png\" \/>\n<meta name=\"twitter:card\" content=\"summary_large_image\" \/>\n<script type=\"application\/ld+json\" class=\"yoast-schema-graph\">{\"@context\":\"https:\\\/\\\/schema.org\",\"@graph\":[{\"@type\":\"WebPage\",\"@id\":\"https:\\\/\\\/faitech.fi\\\/asiakaspaivat\\\/\",\"url\":\"https:\\\/\\\/faitech.fi\\\/asiakaspaivat\\\/\",\"name\":\"Asiakasp\u00e4iv\u00e4t - Faitech\",\"isPartOf\":{\"@id\":\"https:\\\/\\\/faitech.fi\\\/#website\"},\"primaryImageOfPage\":{\"@id\":\"https:\\\/\\\/faitech.fi\\\/asiakaspaivat\\\/#primaryimage\"},\"image\":{\"@id\":\"https:\\\/\\\/faitech.fi\\\/asiakaspaivat\\\/#primaryimage\"},\"thumbnailUrl\":\"https:\\\/\\\/faitech.fi\\\/wp-content\\\/uploads\\\/2019\\\/11\\\/Asiakasp\u00e4iv\u00e4t-1.png\",\"datePublished\":\"2019-11-08T09:29:04+00:00\",\"dateModified\":\"2019-11-12T11:59:27+00:00\",\"description\":\"Luotettavat elintarviketeollisuuden laitteet sek\u00e4 vihannesleikkureita ja muita suurkeitti\u00f6laitteita. Meilt\u00e4 kest\u00e4v\u00e4t laitteet elintarviketeollisuuteen.\",\"breadcrumb\":{\"@id\":\"https:\\\/\\\/faitech.fi\\\/asiakaspaivat\\\/#breadcrumb\"},\"inLanguage\":\"en-US\",\"potentialAction\":[{\"@type\":\"ReadAction\",\"target\":[\"https:\\\/\\\/faitech.fi\\\/asiakaspaivat\\\/\"]}]},{\"@type\":\"ImageObject\",\"inLanguage\":\"en-US\",\"@id\":\"https:\\\/\\\/faitech.fi\\\/asiakaspaivat\\\/#primaryimage\",\"url\":\"https:\\\/\\\/faitech.fi\\\/wp-content\\\/uploads\\\/2019\\\/11\\\/Asiakasp\u00e4iv\u00e4t-1.png\",\"contentUrl\":\"https:\\\/\\\/faitech.fi\\\/wp-content\\\/uploads\\\/2019\\\/11\\\/Asiakasp\u00e4iv\u00e4t-1.png\",\"width\":2359,\"height\":454},{\"@type\":\"BreadcrumbList\",\"@id\":\"https:\\\/\\\/faitech.fi\\\/asiakaspaivat\\\/#breadcrumb\",\"itemListElement\":[{\"@type\":\"ListItem\",\"position\":1,\"name\":\"Home\",\"item\":\"https:\\\/\\\/faitech.fi\\\/\"},{\"@type\":\"ListItem\",\"position\":2,\"name\":\"Asiakasp\u00e4iv\u00e4t\"}]},{\"@type\":\"WebSite\",\"@id\":\"https:\\\/\\\/faitech.fi\\\/#website\",\"url\":\"https:\\\/\\\/faitech.fi\\\/\",\"name\":\"Faitech\",\"description\":\"IMPORTING FOOD PROCESS MACHINERY WITH EXPERTISE SINCE 1994\",\"publisher\":{\"@id\":\"https:\\\/\\\/faitech.fi\\\/#organization\"},\"potentialAction\":[{\"@type\":\"SearchAction\",\"target\":{\"@type\":\"EntryPoint\",\"urlTemplate\":\"https:\\\/\\\/faitech.fi\\\/?s={search_term_string}\"},\"query-input\":{\"@type\":\"PropertyValueSpecification\",\"valueRequired\":true,\"valueName\":\"search_term_string\"}}],\"inLanguage\":\"en-US\"},{\"@type\":\"Organization\",\"@id\":\"https:\\\/\\\/faitech.fi\\\/#organization\",\"name\":\"Faitech\",\"url\":\"https:\\\/\\\/faitech.fi\\\/\",\"logo\":{\"@type\":\"ImageObject\",\"inLanguage\":\"en-US\",\"@id\":\"https:\\\/\\\/faitech.fi\\\/#\\\/schema\\\/logo\\\/image\\\/\",\"url\":null,\"contentUrl\":null,\"width\":1024,\"height\":722,\"caption\":\"Faitech\"},\"image\":{\"@id\":\"https:\\\/\\\/faitech.fi\\\/#\\\/schema\\\/logo\\\/image\\\/\"}}]}<\/script>\n<!-- \/ Yoast SEO plugin. -->","yoast_head_json":{"title":"Asiakasp\u00e4iv\u00e4t - Faitech","robots":{"index":"index","follow":"follow","max-snippet":"max-snippet:-1","max-image-preview":"max-image-preview:large","max-video-preview":"max-video-preview:-1"},"canonical":"https:\/\/faitech.fi\/asiakaspaivat\/","og_locale":"en_US","og_type":"article","og_title":"Asiakasp\u00e4iv\u00e4t - Faitech","og_url":"https:\/\/faitech.fi\/asiakaspaivat\/","og_site_name":"Faitech","article_modified_time":"2019-11-12T11:59:27+00:00","og_image":[{"width":2359,"height":454,"url":"https:\/\/faitech.fi\/wp-content\/uploads\/2019\/11\/Asiakasp\u00e4iv\u00e4t-1.png","type":"image\/png"}],"twitter_card":"summary_large_image","schema":{"@context":"https:\/\/schema.org","@graph":[{"@type":"WebPage","@id":"https:\/\/faitech.fi\/asiakaspaivat\/","url":"https:\/\/faitech.fi\/asiakaspaivat\/","name":"Asiakasp\u00e4iv\u00e4t - Faitech","isPartOf":{"@id":"https:\/\/faitech.fi\/#website"},"primaryImageOfPage":{"@id":"https:\/\/faitech.fi\/asiakaspaivat\/#primaryimage"},"image":{"@id":"https:\/\/faitech.fi\/asiakaspaivat\/#primaryimage"},"thumbnailUrl":"https:\/\/faitech.fi\/wp-content\/uploads\/2019\/11\/Asiakasp\u00e4iv\u00e4t-1.png","datePublished":"2019-11-08T09:29:04+00:00","dateModified":"2019-11-12T11:59:27+00:00","description":"Luotettavat elintarviketeollisuuden laitteet sek\u00e4 vihannesleikkureita ja muita suurkeitti\u00f6laitteita. Meilt\u00e4 kest\u00e4v\u00e4t laitteet elintarviketeollisuuteen.","breadcrumb":{"@id":"https:\/\/faitech.fi\/asiakaspaivat\/#breadcrumb"},"inLanguage":"en-US","potentialAction":[{"@type":"ReadAction","target":["https:\/\/faitech.fi\/asiakaspaivat\/"]}]},{"@type":"ImageObject","inLanguage":"en-US","@id":"https:\/\/faitech.fi\/asiakaspaivat\/#primaryimage","url":"https:\/\/faitech.fi\/wp-content\/uploads\/2019\/11\/Asiakasp\u00e4iv\u00e4t-1.png","contentUrl":"https:\/\/faitech.fi\/wp-content\/uploads\/2019\/11\/Asiakasp\u00e4iv\u00e4t-1.png","width":2359,"height":454},{"@type":"BreadcrumbList","@id":"https:\/\/faitech.fi\/asiakaspaivat\/#breadcrumb","itemListElement":[{"@type":"ListItem","position":1,"name":"Home","item":"https:\/\/faitech.fi\/"},{"@type":"ListItem","position":2,"name":"Asiakasp\u00e4iv\u00e4t"}]},{"@type":"WebSite","@id":"https:\/\/faitech.fi\/#website","url":"https:\/\/faitech.fi\/","name":"Faitech","description":"IMPORTING FOOD PROCESS MACHINERY WITH EXPERTISE SINCE 1994","publisher":{"@id":"https:\/\/faitech.fi\/#organization"},"potentialAction":[{"@type":"SearchAction","target":{"@type":"EntryPoint","urlTemplate":"https:\/\/faitech.fi\/?s={search_term_string}"},"query-input":{"@type":"PropertyValueSpecification","valueRequired":true,"valueName":"search_term_string"}}],"inLanguage":"en-US"},{"@type":"Organization","@id":"https:\/\/faitech.fi\/#organization","name":"Faitech","url":"https:\/\/faitech.fi\/","logo":{"@type":"ImageObject","inLanguage":"en-US","@id":"https:\/\/faitech.fi\/#\/schema\/logo\/image\/","url":null,"contentUrl":null,"width":1024,"height":722,"caption":"Faitech"},"image":{"@id":"https:\/\/faitech.fi\/#\/schema\/logo\/image\/"}}]}},"_links":{"self":[{"href":"https:\/\/faitech.fi\/en\/wp-json\/wp\/v2\/pages\/1084","targetHints":{"allow":["GET"]}}],"collection":[{"href":"https:\/\/faitech.fi\/en\/wp-json\/wp\/v2\/pages"}],"about":[{"href":"https:\/\/faitech.fi\/en\/wp-json\/wp\/v2\/types\/page"}],"author":[{"embeddable":true,"href":"https:\/\/faitech.fi\/en\/wp-json\/wp\/v2\/users\/1"}],"replies":[{"embeddable":true,"href":"https:\/\/faitech.fi\/en\/wp-json\/wp\/v2\/comments?post=1084"}],"version-history":[{"count":37,"href":"https:\/\/faitech.fi\/en\/wp-json\/wp\/v2\/pages\/1084\/revisions"}],"predecessor-version":[{"id":5364,"href":"https:\/\/faitech.fi\/en\/wp-json\/wp\/v2\/pages\/1084\/revisions\/5364"}],"wp:featuredmedia":[{"embeddable":true,"href":"https:\/\/faitech.fi\/en\/wp-json\/wp\/v2\/media\/1096"}],"wp:attachment":[{"href":"https:\/\/faitech.fi\/en\/wp-json\/wp\/v2\/media?parent=1084"}],"curies":[{"name":"wp","href":"https:\/\/api.w.org\/{rel}","templated":true}]}}